{"id":1754,"date":"2020-10-24T21:03:54","date_gmt":"2020-10-25T00:03:54","guid":{"rendered":"https:\/\/www.infosat.com.ar\/?page_id=1754"},"modified":"2026-01-27T16:05:54","modified_gmt":"2026-01-27T19:05:54","slug":"monitoreo-de-emisiones-de-gas-metano","status":"publish","type":"page","link":"https:\/\/www.infosat.com.ar\/monitoreo-de-emisiones-de-gas-metano\/","title":{"rendered":"Monitoreo de emisiones de gas metano"},"content":{"rendered":"\n<p>Este servicio se basa en tecnolog\u00eda desarrollada por la\nempresa GHGSat con el \u00fanico objeto de medir con alta resoluci\u00f3n la emanaciones\nde gas metano. GHGSat construye sat\u00e9lites propios y a patentado los algoritmos\nque le permite calcular la presencia de gas metano&nbsp; con una precisi\u00f3n nunca antes alcanzada.<\/p>\n\n\n\n<p> El servicio consiste en la generaci\u00f3n de reportes de actualizaciones semanales con la probabilidad de emisiones sobre puntos de inter\u00e9s suministrados por el cliente. Estos informes se realizan sobre una cuadr\u00edcula de 2&#215;2 km. Los resultados se presentan en una plataforma a trav\u00e9s de una aplicaci\u00f3n basada en ESRI. <\/p>\n\n\n\n<p>Cuando los reportes lo aconsejen o el cliente decida se dispara la toma de\u00a0 im\u00e1genes satelitales de alta resoluci\u00f3n (25m) sobre el sitio en particular.\u00a0 Estas im\u00e1genes permiten estimar la concentraci\u00f3n de gas metano existente en la columna de aire de cada pixel del \u00e1rea seleccionada. <\/p>\n","protected":false},"excerpt":{"rendered":"<p>Este servicio se basa en tecnolog\u00eda desarrollada por la empresa GHGSat con el \u00fanico objeto de medir con alta resoluci\u00f3n la emanaciones de gas metano. GHGSat construye sat\u00e9lites propios y &#8230;<\/p>\n","protected":false},"author":1,"featured_media":1747,"parent":0,"menu_order":0,"comment_status":"closed","ping_status":"closed","template":"","meta":{"footnotes":""},"class_list":["post-1754","page","type-page","status-publish","has-post-thumbnail","hentry"],"_links":{"self":[{"href":"https:\/\/www.infosat.com.ar\/wp-json\/wp\/v2\/pages\/1754","targetHints":{"allow":["GET"]}}],"collection":[{"href":"https:\/\/www.infosat.com.ar\/wp-json\/wp\/v2\/pages"}],"about":[{"href":"https:\/\/www.infosat.com.ar\/wp-json\/wp\/v2\/types\/page"}],"author":[{"embeddable":true,"href":"https:\/\/www.infosat.com.ar\/wp-json\/wp\/v2\/users\/1"}],"replies":[{"embeddable":true,"href":"https:\/\/www.infosat.com.ar\/wp-json\/wp\/v2\/comments?post=1754"}],"version-history":[{"count":1,"href":"https:\/\/www.infosat.com.ar\/wp-json\/wp\/v2\/pages\/1754\/revisions"}],"predecessor-version":[{"id":1755,"href":"https:\/\/www.infosat.com.ar\/wp-json\/wp\/v2\/pages\/1754\/revisions\/1755"}],"wp:featuredmedia":[{"embeddable":true,"href":"https:\/\/www.infosat.com.ar\/wp-json\/wp\/v2\/media\/1747"}],"wp:attachment":[{"href":"https:\/\/www.infosat.com.ar\/wp-json\/wp\/v2\/media?parent=1754"}],"curies":[{"name":"wp","href":"https:\/\/api.w.org\/{rel}","templated":true}]}}