{"id":1759,"date":"2020-10-24T21:11:50","date_gmt":"2020-10-25T00:11:50","guid":{"rendered":"https:\/\/www.infosat.com.ar\/?page_id=1759"},"modified":"2026-01-27T16:05:38","modified_gmt":"2026-01-27T19:05:38","slug":"geolocalizacion-de-emisiones-de-radio-frecuencia-rf","status":"publish","type":"page","link":"https:\/\/www.infosat.com.ar\/geolocalizacion-de-emisiones-de-radio-frecuencia-rf\/","title":{"rendered":"Geolocalizaci\u00f3n de emisiones de Radio Frecuencia (RF)"},"content":{"rendered":"\n<p>Mediante una constelaci\u00f3n de clusters de 3 sat\u00e9lites se\ndetectan y posicionan se\u00f1ales de RF originadas en tierra, mar o aire. El\nsistema permite localizar se\u00f1ales emitidas por buques, emisiones clandestinas,\nemergencias, etc.. La cobertura de monitoreo es muy amplia, por ejemplo la\ncapacidad actual permite monitorear el mar argentino completo por d\u00eda. Se prev\u00e9\nmejorar esta frecuencia con los pr\u00f3ximos lanzamientos de clusters durante\n2020\/2021.<\/p>\n","protected":false},"excerpt":{"rendered":"<p>Mediante una constelaci\u00f3n de clusters de 3 sat\u00e9lites se detectan y posicionan se\u00f1ales de RF originadas en tierra, mar o aire. El sistema permite localizar se\u00f1ales emitidas por buques, emisiones &#8230;<\/p>\n","protected":false},"author":1,"featured_media":1749,"parent":0,"menu_order":0,"comment_status":"closed","ping_status":"closed","template":"","meta":{"footnotes":""},"class_list":["post-1759","page","type-page","status-publish","has-post-thumbnail","hentry"],"_links":{"self":[{"href":"https:\/\/www.infosat.com.ar\/wp-json\/wp\/v2\/pages\/1759","targetHints":{"allow":["GET"]}}],"collection":[{"href":"https:\/\/www.infosat.com.ar\/wp-json\/wp\/v2\/pages"}],"about":[{"href":"https:\/\/www.infosat.com.ar\/wp-json\/wp\/v2\/types\/page"}],"author":[{"embeddable":true,"href":"https:\/\/www.infosat.com.ar\/wp-json\/wp\/v2\/users\/1"}],"replies":[{"embeddable":true,"href":"https:\/\/www.infosat.com.ar\/wp-json\/wp\/v2\/comments?post=1759"}],"version-history":[{"count":1,"href":"https:\/\/www.infosat.com.ar\/wp-json\/wp\/v2\/pages\/1759\/revisions"}],"predecessor-version":[{"id":1760,"href":"https:\/\/www.infosat.com.ar\/wp-json\/wp\/v2\/pages\/1759\/revisions\/1760"}],"wp:featuredmedia":[{"embeddable":true,"href":"https:\/\/www.infosat.com.ar\/wp-json\/wp\/v2\/media\/1749"}],"wp:attachment":[{"href":"https:\/\/www.infosat.com.ar\/wp-json\/wp\/v2\/media?parent=1759"}],"curies":[{"name":"wp","href":"https:\/\/api.w.org\/{rel}","templated":true}]}}